{"id":29731,"date":"2026-02-03T17:04:03","date_gmt":"2026-02-03T17:04:03","guid":{"rendered":"https:\/\/kaasbah.com\/?post_type=product&#038;p=29731"},"modified":"2026-04-29T15:28:07","modified_gmt":"2026-04-29T15:28:07","slug":"pack-single","status":"publish","type":"product","link":"https:\/\/kaasbah.com\/ar\/product\/pack-single\/","title":{"rendered":"Pack Single"},"content":{"rendered":"<p><span dir=\"auto\" style=\"vertical-align: inherit;\"><span dir=\"auto\" style=\"vertical-align: inherit;\">Le Pack Individuel est sp\u00e9cialement con\u00e7u pour ceux qui recherchent un assortiment \u00e9quilibr\u00e9 de produits marocains essentiels en quantit\u00e9s pratiques. Il comprend des huiles, des p\u00e2tes \u00e0 tartiner, des en-cas et des produits d&#8217;\u00e9picerie de haute qualit\u00e9, parfaits pour un usage quotidien sans exc\u00e8s.<\/span><\/span><\/p>","protected":false},"excerpt":{"rendered":"<p data-start=\"872\" data-end=\"1007\"><br data-start=\"891\" data-end=\"894\" \/><span dir=\"auto\" style=\"vertical-align: inherit;\"><span dir=\"auto\" style=\"vertical-align: inherit;\">Un choix judicieux et pratique pour les c\u00e9libataires, les \u00e9tudiants ou toute personne vivant seule et souhaitant des produits marocains authentiques.<\/span><\/span><\/p>","protected":false},"featured_media":29837,"comment_status":"open","ping_status":"closed","template":"","meta":{"iawp_total_views":23},"product_brand":[],"product_cat":[23,86,138],"product_tag":[],"class_list":{"0":"post-29731","1":"product","2":"type-product","3":"status-publish","4":"has-post-thumbnail","6":"product_cat-all-products","7":"product_cat-grocery","8":"product_cat-packs","9":"product_shipping_class-free-shipping","11":"first","12":"instock","13":"taxable","14":"shipping-taxable","15":"purchasable","16":"product-type-simple"},"_links":{"self":[{"href":"https:\/\/kaasbah.com\/ar\/wp-json\/wp\/v2\/product\/29731","targetHints":{"allow":["GET"]}}],"collection":[{"href":"https:\/\/kaasbah.com\/ar\/wp-json\/wp\/v2\/product"}],"about":[{"href":"https:\/\/kaasbah.com\/ar\/wp-json\/wp\/v2\/types\/product"}],"replies":[{"embeddable":true,"href":"https:\/\/kaasbah.com\/ar\/wp-json\/wp\/v2\/comments?post=29731"}],"version-history":[{"count":3,"href":"https:\/\/kaasbah.com\/ar\/wp-json\/wp\/v2\/product\/29731\/revisions"}],"predecessor-version":[{"id":29829,"href":"https:\/\/kaasbah.com\/ar\/wp-json\/wp\/v2\/product\/29731\/revisions\/29829"}],"wp:featuredmedia":[{"embeddable":true,"href":"https:\/\/kaasbah.com\/ar\/wp-json\/wp\/v2\/media\/29837"}],"wp:attachment":[{"href":"https:\/\/kaasbah.com\/ar\/wp-json\/wp\/v2\/media?parent=29731"}],"wp:term":[{"taxonomy":"product_brand","embeddable":true,"href":"https:\/\/kaasbah.com\/ar\/wp-json\/wp\/v2\/product_brand?post=29731"},{"taxonomy":"product_cat","embeddable":true,"href":"https:\/\/kaasbah.com\/ar\/wp-json\/wp\/v2\/product_cat?post=29731"},{"taxonomy":"product_tag","embeddable":true,"href":"https:\/\/kaasbah.com\/ar\/wp-json\/wp\/v2\/product_tag?post=29731"}],"curies":[{"name":"wp","href":"https:\/\/api.w.org\/{rel}","templated":true}]}}