{"id":29431,"date":"2026-01-09T13:35:08","date_gmt":"2026-01-09T13:35:08","guid":{"rendered":"https:\/\/kaasbah.net\/product\/verres-a-the-pm-beldi-6-pieces-dore\/"},"modified":"2026-01-27T14:32:23","modified_gmt":"2026-01-27T14:32:23","slug":"verres-a-the-pm-beldi-6-pieces-dore","status":"publish","type":"product","link":"https:\/\/kaasbah.com\/ar\/product\/verres-a-the-pm-beldi-6-pieces-dore\/","title":{"rendered":"Verres \u00e0 th\u00e9 PM Beldi 6 pi\u00e9ces dor\u00e9"},"content":{"rendered":"","protected":false},"excerpt":{"rendered":"","protected":false},"featured_media":29577,"comment_status":"closed","ping_status":"closed","template":"","meta":{"iawp_total_views":1},"product_brand":[],"product_cat":[23],"product_tag":[],"class_list":{"0":"post-29431","1":"product","2":"type-product","3":"status-publish","4":"has-post-thumbnail","6":"product_cat-all-products","8":"first","9":"instock","10":"purchasable","11":"product-type-simple"},"_links":{"self":[{"href":"https:\/\/kaasbah.com\/ar\/wp-json\/wp\/v2\/product\/29431","targetHints":{"allow":["GET"]}}],"collection":[{"href":"https:\/\/kaasbah.com\/ar\/wp-json\/wp\/v2\/product"}],"about":[{"href":"https:\/\/kaasbah.com\/ar\/wp-json\/wp\/v2\/types\/product"}],"replies":[{"embeddable":true,"href":"https:\/\/kaasbah.com\/ar\/wp-json\/wp\/v2\/comments?post=29431"}],"version-history":[{"count":1,"href":"https:\/\/kaasbah.com\/ar\/wp-json\/wp\/v2\/product\/29431\/revisions"}],"predecessor-version":[{"id":29432,"href":"https:\/\/kaasbah.com\/ar\/wp-json\/wp\/v2\/product\/29431\/revisions\/29432"}],"wp:featuredmedia":[{"embeddable":true,"href":"https:\/\/kaasbah.com\/ar\/wp-json\/wp\/v2\/media\/29577"}],"wp:attachment":[{"href":"https:\/\/kaasbah.com\/ar\/wp-json\/wp\/v2\/media?parent=29431"}],"wp:term":[{"taxonomy":"product_brand","embeddable":true,"href":"https:\/\/kaasbah.com\/ar\/wp-json\/wp\/v2\/product_brand?post=29431"},{"taxonomy":"product_cat","embeddable":true,"href":"https:\/\/kaasbah.com\/ar\/wp-json\/wp\/v2\/product_cat?post=29431"},{"taxonomy":"product_tag","embeddable":true,"href":"https:\/\/kaasbah.com\/ar\/wp-json\/wp\/v2\/product_tag?post=29431"}],"curies":[{"name":"wp","href":"https:\/\/api.w.org\/{rel}","templated":true}]}}