{"id":29429,"date":"2026-01-09T13:35:08","date_gmt":"2026-01-09T13:35:08","guid":{"rendered":"https:\/\/kaasbah.net\/product\/verres-a-the-traditionnels-6-pieces-beldi-dore\/"},"modified":"2026-01-09T13:35:09","modified_gmt":"2026-01-09T13:35:09","slug":"verres-a-the-traditionnels-6-pieces-beldi-dore","status":"publish","type":"product","link":"https:\/\/kaasbah.com\/ar\/product\/verres-a-the-traditionnels-6-pieces-beldi-dore\/","title":{"rendered":"Verres \u00e0 th\u00e9 Traditionnels 6 pi\u00e9ces beldi dor\u00e9"},"content":{"rendered":"","protected":false},"excerpt":{"rendered":"","protected":false},"featured_media":29424,"comment_status":"closed","ping_status":"open","template":"","meta":{"iawp_total_views":2},"product_brand":[],"product_cat":[23],"product_tag":[],"class_list":{"0":"post-29429","1":"product","2":"type-product","3":"status-publish","4":"has-post-thumbnail","6":"product_cat-all-products","8":"first","9":"instock","10":"purchasable","11":"product-type-simple"},"_links":{"self":[{"href":"https:\/\/kaasbah.com\/ar\/wp-json\/wp\/v2\/product\/29429","targetHints":{"allow":["GET"]}}],"collection":[{"href":"https:\/\/kaasbah.com\/ar\/wp-json\/wp\/v2\/product"}],"about":[{"href":"https:\/\/kaasbah.com\/ar\/wp-json\/wp\/v2\/types\/product"}],"replies":[{"embeddable":true,"href":"https:\/\/kaasbah.com\/ar\/wp-json\/wp\/v2\/comments?post=29429"}],"version-history":[{"count":1,"href":"https:\/\/kaasbah.com\/ar\/wp-json\/wp\/v2\/product\/29429\/revisions"}],"predecessor-version":[{"id":29430,"href":"https:\/\/kaasbah.com\/ar\/wp-json\/wp\/v2\/product\/29429\/revisions\/29430"}],"wp:featuredmedia":[{"embeddable":true,"href":"https:\/\/kaasbah.com\/ar\/wp-json\/wp\/v2\/media\/29424"}],"wp:attachment":[{"href":"https:\/\/kaasbah.com\/ar\/wp-json\/wp\/v2\/media?parent=29429"}],"wp:term":[{"taxonomy":"product_brand","embeddable":true,"href":"https:\/\/kaasbah.com\/ar\/wp-json\/wp\/v2\/product_brand?post=29429"},{"taxonomy":"product_cat","embeddable":true,"href":"https:\/\/kaasbah.com\/ar\/wp-json\/wp\/v2\/product_cat?post=29429"},{"taxonomy":"product_tag","embeddable":true,"href":"https:\/\/kaasbah.com\/ar\/wp-json\/wp\/v2\/product_tag?post=29429"}],"curies":[{"name":"wp","href":"https:\/\/api.w.org\/{rel}","templated":true}]}}